{"id":1921,"date":"2024-06-13T07:57:12","date_gmt":"2024-06-13T05:57:12","guid":{"rendered":"https:\/\/nakidekontrakt.com\/politique-en-matiere-de-cookies\/"},"modified":"2024-11-05T17:31:14","modified_gmt":"2024-11-05T16:31:14","slug":"politique-en-matiere-de-cookies","status":"publish","type":"page","link":"https:\/\/nakidekontrakt.com\/fr\/politique-en-matiere-de-cookies\/","title":{"rendered":"Politique en mati\u00e8re de cookies"},"content":{"rendered":"\t\t<div data-elementor-type=\"wp-page\" data-elementor-id=\"1921\" class=\"elementor elementor-1921 elementor-1533\" data-elementor-post-type=\"page\">\n\t\t\t\t<div class=\"elementor-element elementor-element-9e9fef9 e-flex e-con-boxed e-con e-parent\" data-id=\"9e9fef9\" data-element_type=\"container\" data-e-type=\"container\" data-settings=\"{&quot;_ob_use_container_extras&quot;:&quot;no&quot;,&quot;_ob_column_hoveranimator&quot;:&quot;no&quot;,&quot;_ob_glider_is_slider&quot;:&quot;no&quot;,&quot;_ob_column_has_pseudo&quot;:&quot;no&quot;}\">\n\t\t\t\t\t<div class=\"e-con-inner\">\n\t\t\t\t<div class=\"elementor-element elementor-element-49db2eb elementor-headline--style-highlight ob-has-background-overlay elementor-widget elementor-widget-animated-headline\" data-id=\"49db2eb\" data-element_type=\"widget\" data-e-type=\"widget\" data-settings=\"{&quot;marker&quot;:&quot;double_underline&quot;,&quot;highlighted_text&quot;:&quot;cookies&quot;,&quot;headline_style&quot;:&quot;highlight&quot;,&quot;loop&quot;:&quot;yes&quot;,&quot;highlight_animation_duration&quot;:1200,&quot;highlight_iteration_delay&quot;:8000,&quot;_ob_perspektive_use&quot;:&quot;no&quot;,&quot;_ob_poopart_use&quot;:&quot;yes&quot;,&quot;_ob_shadough_use&quot;:&quot;no&quot;,&quot;_ob_allow_hoveranimator&quot;:&quot;no&quot;,&quot;_ob_widget_stalker_use&quot;:&quot;no&quot;}\" data-widget_type=\"animated-headline.default\">\n\t\t\t\t<div class=\"elementor-widget-container\">\n\t\t\t\t\t\t\t<h1 class=\"elementor-headline\">\n\t\t\t\t\t<span class=\"elementor-headline-plain-text elementor-headline-text-wrapper\">Politique en mati\u00e8re de<\/span>\n\t\t\t\t<span class=\"elementor-headline-dynamic-wrapper elementor-headline-text-wrapper\">\n\t\t\t\t\t<span class=\"elementor-headline-dynamic-text elementor-headline-text-active\">cookies<\/span>\n\t\t\t\t<\/span>\n\t\t\t\t<\/h1>\n\t\t\t\t\t\t<\/div>\n\t\t\t\t<\/div>\n\t\t\t\t<div class=\"elementor-element elementor-element-38c0691 ob-harakiri-inherit ob-has-background-overlay elementor-widget elementor-widget-text-editor\" data-id=\"38c0691\" data-element_type=\"widget\" data-e-type=\"widget\" data-settings=\"{&quot;_ob_use_harakiri&quot;:&quot;yes&quot;,&quot;_ob_harakiri_writing_mode&quot;:&quot;inherit&quot;,&quot;_ob_postman_use&quot;:&quot;no&quot;,&quot;_ob_perspektive_use&quot;:&quot;no&quot;,&quot;_ob_poopart_use&quot;:&quot;yes&quot;,&quot;_ob_shadough_use&quot;:&quot;no&quot;,&quot;_ob_allow_hoveranimator&quot;:&quot;no&quot;,&quot;_ob_widget_stalker_use&quot;:&quot;no&quot;}\" data-widget_type=\"text-editor.default\">\n\t\t\t\t<div class=\"elementor-widget-container\">\n\t\t\t\t\t\t\t\t\t<p><b><span style=\"color: var( --e-global-color-primary ); text-align: var(--text-align); font-size: 1rem;\">Qu&rsquo;est-ce qu&rsquo;un cookie ?<\/span><br \/><\/b><\/p>\n<p>Les cookies sont de petits fichiers texte qui sont stock\u00e9s sur votre appareil (ordinateur, tablette, t\u00e9l\u00e9phone mobile, etc.) lorsque vous visitez un site internet. Ces fichiers permettent au site internet de se rappeler vos actions et pr\u00e9f\u00e9rences (telles que votre session, la langue, la taille des caract\u00e8res et d&rsquo;autres pr\u00e9f\u00e9rences d&rsquo;affichage) pendant un certain temps, de sorte que vous ne devez pas les reconfigurer \u00e0 chaque fois que vous visitez \u00e0 nouveau le site ou que vous naviguez d&rsquo;une page \u00e0 l&rsquo;autre.<\/p>\n<p><b>Comment utilisons-nous les cookies ?<br \/>\n<\/b><\/p>\n<p>Sur notre site, nous utilisons des cookies \u00e0 diverses fins, notamment :<\/p>\n<p><b>1. Les cookies essentiels <\/b>: Ces cookies sont n\u00e9cessaires au bon fonctionnement du site internet. Ils permettent de naviguer entre les diff\u00e9rentes pages, d&rsquo;acc\u00e9der \u00e0 des espaces s\u00e9curis\u00e9s du site et de r\u00e9aliser des actions basiques telles que l&rsquo;utilisation de formulaires et l&rsquo;authentification des l&rsquo;utilisateurs.<\/p>\n<p><b>2. Les cookies de performance <\/b> : Ces cookies rassemblent des informations sur la fa\u00e7on dont les visiteurs utilisent notre page web, par exemple, quelles sont les pages les plus visit\u00e9es, et s&rsquo;ils re\u00e7oivent des messages d&rsquo;erreur provenant de pages. Ces cookies ne collectent pas d&rsquo;informations permettant d&rsquo;identifier un visiteur. Toutes les informations collect\u00e9es par ces cookies sont agr\u00e9g\u00e9es et restent donc anonymes. Ils ne sont utilis\u00e9s que pour am\u00e9liorer le fonctionnement du site.<\/p>\n<p><b>3. Les cookies de fonctionnalit\u00e9 <\/b>: Ces cookies permettent au site internet de se souvenir des choix que vous effectuez (comme votre nom d&rsquo;utilisateur, votre langue ou la r\u00e9gion dans laquelle vous vous trouvez) et de fournir des fonctionnalit\u00e9s am\u00e9lior\u00e9es et personnalis\u00e9es. Par exemple, un site internet peut vous fournir des pr\u00e9visions m\u00e9t\u00e9orologiques locales ou des informations sur le trafic routier en gardant en m\u00e9moire, dans un cookie, la r\u00e9gion dans laquelle vous vous trouvez.<\/p>\n<p><b>4. Les cookies publicitaires <\/b>: Ces cookies sont utilis\u00e9s pour afficher des publicit\u00e9s plus pertinentes pour vous et par rapport \u00e0 vos centres d&rsquo;int\u00e9r\u00eat. Ils sont \u00e9galement utilis\u00e9s pour limiter le nombre de fois que vous voyez une publicit\u00e9 et pour mesurer l&rsquo;efficacit\u00e9 des campagnes publicitaires. Ces cookies sont g\u00e9n\u00e9ralement d\u00e9pos\u00e9s par des r\u00e9seaux publicitaires avec l&rsquo;autorisation de l&rsquo;op\u00e9rateur du site. Ils enregistrent les sites internet que vous avez visit\u00e9s et ces informations sont partag\u00e9es avec d&rsquo;autres organisations, telles que les annonceurs.<\/p>\n<p><span style=\"color: var( --e-global-color-primary ); text-align: var(--text-align); font-size: 1rem;\"><b>Gestion des cookies<\/b><\/span><\/p>\n<p>La plupart des navigateurs web vous permettent de contr\u00f4ler les cookies depuis les param\u00e8tres de votre navigateur. Vous pouvez configurer votre navigateur pour qu&rsquo;il refuse les cookies ou qu&rsquo;il en supprime certains. Toutefois, si vous choisissez de d\u00e9sactiver ou de supprimer des cookies, il se peut que certaines sections de notre site ne fonctionnent pas correctement. Pour en savoir plus sur la fa\u00e7on de g\u00e9rer les cookies dans les navigateurs les plus populaires, reportez-vous aux liens suivants :<\/p>\n<p>&#8211;\u00a0<a href=\"https:\/\/support.google.com\/chrome\/answer\/95647\" target=\"_blank\" rel=\"noopener\">Google Chrome<\/a><br \/>&#8211;\u00a0<a href=\"https:\/\/support.mozilla.org\/es\/kb\/habilitar-y-deshabilitar-cookies-sitios-web-rastrear-preferencias\" target=\"_blank\" rel=\"noopener\">Mozilla Firefox<\/a><br \/>&#8211;\u00a0<a href=\"https:\/\/support.microsoft.com\/es-es\/help\/4027947\/microsoft-edge-delete-cookies\" target=\"_blank\" rel=\"noopener\">Microsoft Edge<\/a><br \/>&#8211;\u00a0<a href=\"https:\/\/support.apple.com\/es-es\/guide\/safari\/sfri11471\/mac\" target=\"_blank\" rel=\"noopener\">Safari<\/a><\/p>\n<p><b>Cookies de tiers<\/b><\/p>\n<p>Sur certaines pages de notre site web, vous pouvez trouver des cookies plac\u00e9s par des tiers. Ces cookies sont g\u00e9r\u00e9s par des tiers et peuvent n\u00e9cessiter votre consentement. Nous ne contr\u00f4lons pas le d\u00e9p\u00f4t ou l&rsquo;acc\u00e8s \u00e0 ces cookies. Pour en savoir plus sur la mani\u00e8re dont ces tiers utilisent les cookies, reportez-vous \u00e0 leur politique de confidentialit\u00e9.<\/p>\n<p><b>Modifications de la Politique en mati\u00e8re de cookies<\/b><\/p>\n<p>Nous pouvons \u00e0 tout moment mettre \u00e0 jour la pr\u00e9sente Politique en mati\u00e8re de cookies Nous vous encourageons \u00e0 consulter r\u00e9guli\u00e8rement cette politique pour rester inform\u00e9 sur la mani\u00e8re dont nous utilisons les cookies. Les modifications apport\u00e9es \u00e0 cette politique seront effectives d\u00e8s leur publication sur cette page.<\/p>\n<p><span style=\"color: var( --e-global-color-primary ); text-align: var(--text-align); font-size: 1rem;\"><b>Contact<\/b><\/span><\/p>\n<p>Si vous avez des questions au sujet de notre Politique en mati\u00e8re de cookies, n&rsquo;h\u00e9sitez pas \u00e0 nous contacter en utilisant le formulaire pr\u00e9sent sur la page de contact.<\/p>\n<p>Nous esp\u00e9rons que cette politique vous a permis de bien comprendre comment nous utilisons les cookies sur notre site internet. Nous accordons une grande importance \u00e0 votre vie priv\u00e9e et \u00e0 votre exp\u00e9rience en tant qu&rsquo;utilisateur.<\/p>\n\t\t\t\t\t\t\t\t<\/div>\n\t\t\t\t<\/div>\n\t\t\t\t\t<\/div>\n\t\t\t\t<\/div>\n\t\t\t\t<\/div>\n\t\t","protected":false},"excerpt":{"rendered":"<p>Politique en mati\u00e8re de cookies Qu&rsquo;est-ce qu&rsquo;un cookie ? Les cookies sont de petits fichiers texte qui sont stock\u00e9s sur votre appareil (ordinateur, tablette, t\u00e9l\u00e9phone mobile, etc.) lorsque vous visitez un site internet. Ces fichiers permettent au site internet de se rappeler vos actions et pr\u00e9f\u00e9rences (telles que votre session, la langue, la taille des [&hellip;]<\/p>\n","protected":false},"author":1,"featured_media":0,"parent":0,"menu_order":0,"comment_status":"closed","ping_status":"closed","template":"","meta":{"footnotes":""},"class_list":["post-1921","page","type-page","status-publish","hentry"],"_links":{"self":[{"href":"https:\/\/nakidekontrakt.com\/fr\/wp-json\/wp\/v2\/pages\/1921","targetHints":{"allow":["GET"]}}],"collection":[{"href":"https:\/\/nakidekontrakt.com\/fr\/wp-json\/wp\/v2\/pages"}],"about":[{"href":"https:\/\/nakidekontrakt.com\/fr\/wp-json\/wp\/v2\/types\/page"}],"author":[{"embeddable":true,"href":"https:\/\/nakidekontrakt.com\/fr\/wp-json\/wp\/v2\/users\/1"}],"replies":[{"embeddable":true,"href":"https:\/\/nakidekontrakt.com\/fr\/wp-json\/wp\/v2\/comments?post=1921"}],"version-history":[{"count":1,"href":"https:\/\/nakidekontrakt.com\/fr\/wp-json\/wp\/v2\/pages\/1921\/revisions"}],"predecessor-version":[{"id":1922,"href":"https:\/\/nakidekontrakt.com\/fr\/wp-json\/wp\/v2\/pages\/1921\/revisions\/1922"}],"wp:attachment":[{"href":"https:\/\/nakidekontrakt.com\/fr\/wp-json\/wp\/v2\/media?parent=1921"}],"curies":[{"name":"wp","href":"https:\/\/api.w.org\/{rel}","templated":true}]}}