{"id":1901,"date":"2024-05-31T07:42:56","date_gmt":"2024-05-31T05:42:56","guid":{"rendered":"https:\/\/nakidekontrakt.com\/mentions-legales\/"},"modified":"2024-11-05T17:29:42","modified_gmt":"2024-11-05T16:29:42","slug":"mentions-legales","status":"publish","type":"page","link":"https:\/\/nakidekontrakt.com\/fr\/mentions-legales\/","title":{"rendered":"Mentions l\u00e9gales"},"content":{"rendered":"\t\t<div data-elementor-type=\"wp-page\" data-elementor-id=\"1901\" class=\"elementor elementor-1901 elementor-1070\" data-elementor-post-type=\"page\">\n\t\t\t\t<div class=\"elementor-element elementor-element-b953a02 e-flex e-con-boxed e-con e-parent\" data-id=\"b953a02\" data-element_type=\"container\" data-e-type=\"container\" data-settings=\"{&quot;_ob_use_container_extras&quot;:&quot;no&quot;,&quot;_ob_column_hoveranimator&quot;:&quot;no&quot;,&quot;_ob_glider_is_slider&quot;:&quot;no&quot;,&quot;_ob_column_has_pseudo&quot;:&quot;no&quot;}\">\n\t\t\t\t\t<div class=\"e-con-inner\">\n\t\t\t\t<div class=\"elementor-element elementor-element-a5698cd elementor-headline--style-highlight ob-has-background-overlay elementor-widget elementor-widget-animated-headline\" data-id=\"a5698cd\" data-element_type=\"widget\" data-e-type=\"widget\" data-settings=\"{&quot;marker&quot;:&quot;double_underline&quot;,&quot;highlighted_text&quot;:&quot;l\\u00e9gales&quot;,&quot;headline_style&quot;:&quot;highlight&quot;,&quot;loop&quot;:&quot;yes&quot;,&quot;highlight_animation_duration&quot;:1200,&quot;highlight_iteration_delay&quot;:8000,&quot;_ob_perspektive_use&quot;:&quot;no&quot;,&quot;_ob_poopart_use&quot;:&quot;yes&quot;,&quot;_ob_shadough_use&quot;:&quot;no&quot;,&quot;_ob_allow_hoveranimator&quot;:&quot;no&quot;,&quot;_ob_widget_stalker_use&quot;:&quot;no&quot;}\" data-widget_type=\"animated-headline.default\">\n\t\t\t\t<div class=\"elementor-widget-container\">\n\t\t\t\t\t\t\t<h1 class=\"elementor-headline\">\n\t\t\t\t\t<span class=\"elementor-headline-plain-text elementor-headline-text-wrapper\">Mentions<\/span>\n\t\t\t\t<span class=\"elementor-headline-dynamic-wrapper elementor-headline-text-wrapper\">\n\t\t\t\t\t<span class=\"elementor-headline-dynamic-text elementor-headline-text-active\">l\u00e9gales<\/span>\n\t\t\t\t<\/span>\n\t\t\t\t<\/h1>\n\t\t\t\t\t\t<\/div>\n\t\t\t\t<\/div>\n\t\t\t\t<div class=\"elementor-element elementor-element-bb6a992 ob-harakiri-inherit ob-has-background-overlay elementor-widget elementor-widget-text-editor\" data-id=\"bb6a992\" data-element_type=\"widget\" data-e-type=\"widget\" data-settings=\"{&quot;_ob_use_harakiri&quot;:&quot;yes&quot;,&quot;_ob_harakiri_writing_mode&quot;:&quot;inherit&quot;,&quot;_ob_postman_use&quot;:&quot;no&quot;,&quot;_ob_perspektive_use&quot;:&quot;no&quot;,&quot;_ob_poopart_use&quot;:&quot;yes&quot;,&quot;_ob_shadough_use&quot;:&quot;no&quot;,&quot;_ob_allow_hoveranimator&quot;:&quot;no&quot;,&quot;_ob_widget_stalker_use&quot;:&quot;no&quot;}\" data-widget_type=\"text-editor.default\">\n\t\t\t\t<div class=\"elementor-widget-container\">\n\t\t\t\t\t\t\t\t\t<p><strong>Nakide Espa\u00f1a S.L.U&nbsp;<\/strong> (ci-apr\u00e8s, LE RESPONSABLE), en tant qu&rsquo;entit\u00e9 responsable du site internet et conform\u00e9ment \u00e0 la loi 34\/2002 portant sur les services de la soci\u00e9t\u00e9 de l&rsquo;information et le commerce \u00e9lectronique (LSSICE), communique aux utilisateurs les d\u00e9tails d&rsquo;identification du propri\u00e9taire de ce site internet :<\/p>\n<ul>\n<li><strong>Domaine<\/strong> :&nbsp;nakidekontrakt.com<\/li>\n<li><strong>Adresse<\/strong> : P.I. Les Pedreres, n.11 08390 Montgat, Barcelone (Espagne)<\/li>\n<li><strong>T\u00e9l\u00e9phone<\/strong> : 934 97 63 26<\/li>\n<li><strong>Courriel<\/strong> : contact@nakide.fr<\/li>\n<li><strong>CIF<\/strong> : B67104638<\/li>\n<\/ul>\n<p><span style=\"color: var( --e-global-color-secondary ); text-align: var(--text-align); font-size: 1rem;\"><br><\/span><\/p><p><span style=\"color: var( --e-global-color-secondary ); text-align: var(--text-align); font-size: 1rem;\">Le RESPONSABLE invite tous les utilisateurs qui souhaitent naviguer sur ce site internet \u00e0 lire les Mentions l\u00e9gales et les Conditions g\u00e9n\u00e9rales d&rsquo;utilisation \u00e9nonc\u00e9es ci-dessous.<\/span><br><\/p>\n<p>La navigation sur ce site entra\u00eene la connaissance et l&rsquo;acceptation des pr\u00e9sentes Conditions g\u00e9n\u00e9rales d&rsquo;utilisation par l&rsquo;utilisateur.<\/p>\n<p>Il convient tout d&rsquo;abord de pr\u00e9ciser que les informations que vous trouverez sur le site internet sont r\u00e9dig\u00e9es en fran\u00e7ais.<\/p>\n<p><strong>Contenu<\/strong><\/p>\n<p>Concernant le contenu, le site a pour objet de faire conna\u00eetre aux internautes la soci\u00e9t\u00e9 propri\u00e9taire du RESPONSABLE, ainsi que les services et produits qu&rsquo;elle met \u00e0 la disposition des utilisateurs. Le site comporte en outre des formulaires dans lesquels sont collect\u00e9es des donn\u00e9es \u00e0 caract\u00e8re personnel, lesquelles sont indispensables pour traiter les demandes formul\u00e9es par les utilisateurs.<\/p>\n<p><strong>Modifications<\/strong><\/p>\n<p>Le titulaire du site se r\u00e9serve le droit de modifier les pr\u00e9sentes conditions g\u00e9n\u00e9rales d&rsquo;utilisation. En cons\u00e9quence, l&rsquo;utilisateur qui se rend sur le site internet est tenu de les lire et de les accepter \u00e0 chaque visite.<\/p>\n<p><strong>Responsabilit\u00e9s<\/strong><\/p>\n<p>LE RESPONSABLE ne saurait \u00eatre tenu responsable de la qualit\u00e9 de la navigation ou de la rapidit\u00e9 d&rsquo;acc\u00e8s. Tout utilisateur acc\u00e9dant \u00e0 ce site s&rsquo;engage \u00e0 le faire dans le respect de la loi, de la morale et de l&rsquo;ordre public, en ce qui concerne l&rsquo;acc\u00e8s et la navigation.<\/p>\n<p><strong>Interdictions<\/strong><\/p>\n<p>L&rsquo;introduction de virus susceptibles de nuire au site lui-m\u00eame ou \u00e0 des tiers est interdite. La navigation effectu\u00e9e par l&rsquo;utilisateur se fait sous sa propre responsabilit\u00e9. Par ailleurs, sont interdits l&rsquo;envoi et la transmission de tout type de contenu mena\u00e7ant, diffamatoire, obsc\u00e8ne, pornographique ou offensant de quelque nature que ce soit et\/ou de contenu constituant ou encourageant un comportement contraire aux lois en vigueur.<\/p>\n<p><strong>Modalit\u00e9s d&rsquo;acc\u00e8s aux diff\u00e9rentes sections du site<\/strong><\/p>\n<p>Pour acc\u00e9der aux rubriques qui composent le site, il n&rsquo;est pas n\u00e9cessaire de s\u2019inscrire en tant qu&rsquo;utilisateur du site, de sorte que son acc\u00e8s reste libre. Dans les sections o\u00f9 des &nbsp;FORMULAIRES DE CONTACT sont propos\u00e9s, nous recueillons, apr\u00e8s acceptation de l&rsquo;utilisateur, les donn\u00e9es personnelles n\u00e9cessaires pour assurer la correspondance et r\u00e9pondre \u00e0 la demande de ce dernier. Celles-ci sont prot\u00e9g\u00e9es conform\u00e9ment \u00e0 la r\u00e9glementation en vigueur en mati\u00e8re de protection des donn\u00e9es, \u00e0 savoir le GDPR 2016\/679.<\/p>\n<p><strong>Propri\u00e9t\u00e9 intellectuelle et industrielle<\/strong><\/p>\n<p>Le contenu de cette page ainsi que les noms commerciaux, les marques ou les logos qui y figurent sont soumis aux droits de propri\u00e9t\u00e9 intellectuelle et industrielle de leurs propri\u00e9taires. En aucun cas l&rsquo;acc\u00e8s au site n&rsquo;implique la renonciation, le transfert, la cession ou la licence totale ou partielle de ces droits, ni ne conf\u00e8re aucun droit d&rsquo;utilisation, d&rsquo;alt\u00e9ration, d&rsquo;exploitation, de reproduction, de distribution ou de communication publique des contenus ou des biens soumis \u00e0 la propri\u00e9t\u00e9 industrielle sans l&rsquo;autorisation pr\u00e9alable et expresse du RESPONSABLE. Les contenus du pr\u00e9sent site peuvent \u00eatre t\u00e9l\u00e9charg\u00e9s sur le terminal de l&rsquo;utilisateur aux seules fins d&rsquo;un usage personnel ou commercial et seront soumis aux principes de bonne foi et aux lois en vigueur.<\/p>\n<p><strong>Limitation des garanties et de la responsabilit\u00e9<\/strong><\/p>\n<p>Le propri\u00e9taire du site ne fournit aucune garantie et ne peut en aucun cas \u00eatre tenu pour responsable des dommages de toute nature qui pourraient \u00eatre caus\u00e9s par :<\/p>\n<ul>\n<li>Un d\u00e9faut d&rsquo;accessibilit\u00e9, de maintenance et de fonctionnement effectif du site ou de ses services et contenus.<\/li>\n<li>La pr\u00e9sence de malwares, de logiciels malveillants ou nuisibles dans le contenu ;<\/li>\n<li>L&rsquo;utilisation ill\u00e9gale, n\u00e9gligente, frauduleuse ou contraire aux pr\u00e9sentes Mentions l\u00e9gales ;<\/li>\n<li>L&rsquo;absence de l\u00e9galit\u00e9, de qualit\u00e9, de fiabilit\u00e9, d&rsquo;utilit\u00e9 et de disponibilit\u00e9 des services fournis par des tiers et mis \u00e0 la disposition des utilisateurs sur le site internet.<\/li>\n<li>Les dommages qui pourraient r\u00e9sulter de l&rsquo;utilisation ill\u00e9gale ou inappropri\u00e9e de ce site internet.<\/li>\n<\/ul>\n<p>Le propri\u00e9taire se r\u00e9serve le droit de modifier, sans pr\u00e9avis, les informations contenues sur son site internet, ainsi que la configuration et la pr\u00e9sentation de celui-ci, et s&rsquo;engage \u00e0 ne pas r\u00e9aliser de publicit\u00e9 trompeuse de quelque nature que ce soit par ce biais.<\/p>\n<p>\u00c0 cette fin, les erreurs formelles ou num\u00e9riques qui peuvent \u00eatre constat\u00e9es dans le contenu des diff\u00e9rentes sections du site, r\u00e9sultant d&rsquo;une maintenance et\/ou d&rsquo;une mise \u00e0 jour incompl\u00e8te ou d\u00e9fectueuse des informations contenues dans les diff\u00e9rentes sections qui composent le site, ne sont pas consid\u00e9r\u00e9es comme de la publicit\u00e9 mensong\u00e8re. Le propri\u00e9taire du site, en vertu des dispositions pr\u00e9vues dans ce point, s&rsquo;engage \u00e0 corriger le contenu aussit\u00f4t apr\u00e8s avoir pris connaissance de ces erreurs.<\/p>\n<p>Le propri\u00e9taire s&rsquo;engage \u00e0 ne pas envoyer de communications commerciales sans les identifier comme telles, conform\u00e9ment aux dispositions de la loi 34\/2002 sur les services de la soci\u00e9t\u00e9 de l&rsquo;information et le commerce \u00e9lectronique.<\/p>\n<p>\u00c0 cet effet, toutes les informations envoy\u00e9es aux utilisateurs de ce site Web ne seront pas consid\u00e9r\u00e9es comme des communications commerciales, \u00e0 condition qu&rsquo;elles aient pour but de maintenir la relation contractuelle existante entre l&rsquo;utilisateur et le site Web, ainsi que l&rsquo;ex\u00e9cution des t\u00e2ches d&rsquo;information, de formation et d&rsquo;autres activit\u00e9s du service que le client a demand\u00e9 \u00e0 l&rsquo;entreprise.<\/p>\n<p><strong>Juridiction et l\u00e9gislation applicable<\/strong><\/p>\n<p>Les Conditions g\u00e9n\u00e9rales d&rsquo;utilisation de ce site et toutes les cons\u00e9quences qui pourraient en r\u00e9sulter sont r\u00e9gies par la loi espagnole. En cas de litige qui d\u00e9coulerait de l&rsquo;acc\u00e8s ou de l&rsquo;utilisation de ce site internet, l&rsquo;utilisateur renonce express\u00e9ment \u00e0 sa propre juridiction et se soumet \u00e0 la comp\u00e9tence des Cours et Tribunaux de Badalona (Espagne).<\/p>\n<p><strong>Clause d&rsquo;information et de consentement<\/strong><\/p>\n<p>Les donn\u00e9es personnelles collect\u00e9es \u00e0 travers ce site internet seront par la suite int\u00e9gr\u00e9es \u00e0 un fichier automatis\u00e9 \u00ab Clients\u00a0\u00bb, propri\u00e9t\u00e9 du RESPONSABLE, et seront trait\u00e9es en tout temps selon les directives du RGPD 2016\/679. Les finalit\u00e9s de l&rsquo;utilisation &nbsp;des donn\u00e9es contenues dans ce fichier, mentionn\u00e9es explicitement dans chaque section du site, peuvent \u00eatre les suivantes : permettre la communication par courrier \u00e9lectronique pour r\u00e9pondre aux questions pos\u00e9es par l&rsquo;utilisateur, \u00e0 ses commentaires ou \u00e0 ses demandes d&rsquo;informations d&rsquo;int\u00e9r\u00eat ; permettre les proc\u00e9dures d&rsquo;achat de produits, d&rsquo;activit\u00e9s ou de location, et rendre ces proc\u00e9dures possibles conform\u00e9ment \u00e0 la r\u00e9glementation en vigueur. Vous pouvez exercer chacun des droits qui vous sont reconnus : droit d&rsquo;acc\u00e8s, de rectification, d&rsquo;effacement et de portabilit\u00e9 de vos donn\u00e9es, de limitation ou d\u2019opposition&nbsp; \u00e0 leur traitement ou de retrait de votre consentement en faisant parvenir une lettre recommand\u00e9e ou en utilisant tout autre proc\u00e9d\u00e9 permettant de prouver l&rsquo;identit\u00e9 de l&rsquo;exp\u00e9diteur et de conserver une preuve de sa r\u00e9ception au RESPONSABLE, P.I. Les Pedreres, n.11 08390 Montgat, Barcelone (Espagne), en joignant une copie de votre pi\u00e8ce d\u2019identit\u00e9.  Ces donn\u00e9es ne seront pas transmises \u00e0 des tiers sans l&rsquo;accord pr\u00e9alable de la personne concern\u00e9e.<\/p>\n<p>Les pr\u00e9sentes conditions ont \u00e9t\u00e9 mises \u00e0 jour en mai 2018.<\/p>\t\t\t\t\t\t\t\t<\/div>\n\t\t\t\t<\/div>\n\t\t\t\t\t<\/div>\n\t\t\t\t<\/div>\n\t\t\t\t<\/div>\n\t\t","protected":false},"excerpt":{"rendered":"<p>Mentions l\u00e9gales Nakide Espa\u00f1a S.L.U&nbsp; (ci-apr\u00e8s, LE RESPONSABLE), en tant qu&rsquo;entit\u00e9 responsable du site internet et conform\u00e9ment \u00e0 la loi 34\/2002 portant sur les services de la soci\u00e9t\u00e9 de l&rsquo;information et le commerce \u00e9lectronique (LSSICE), communique aux utilisateurs les d\u00e9tails d&rsquo;identification du propri\u00e9taire de ce site internet : Domaine :&nbsp;nakidekontrakt.com Adresse : P.I. Les Pedreres, [&hellip;]<\/p>\n","protected":false},"author":1,"featured_media":0,"parent":0,"menu_order":0,"comment_status":"closed","ping_status":"closed","template":"","meta":{"footnotes":""},"class_list":["post-1901","page","type-page","status-publish","hentry"],"_links":{"self":[{"href":"https:\/\/nakidekontrakt.com\/fr\/wp-json\/wp\/v2\/pages\/1901","targetHints":{"allow":["GET"]}}],"collection":[{"href":"https:\/\/nakidekontrakt.com\/fr\/wp-json\/wp\/v2\/pages"}],"about":[{"href":"https:\/\/nakidekontrakt.com\/fr\/wp-json\/wp\/v2\/types\/page"}],"author":[{"embeddable":true,"href":"https:\/\/nakidekontrakt.com\/fr\/wp-json\/wp\/v2\/users\/1"}],"replies":[{"embeddable":true,"href":"https:\/\/nakidekontrakt.com\/fr\/wp-json\/wp\/v2\/comments?post=1901"}],"version-history":[{"count":1,"href":"https:\/\/nakidekontrakt.com\/fr\/wp-json\/wp\/v2\/pages\/1901\/revisions"}],"predecessor-version":[{"id":1902,"href":"https:\/\/nakidekontrakt.com\/fr\/wp-json\/wp\/v2\/pages\/1901\/revisions\/1902"}],"wp:attachment":[{"href":"https:\/\/nakidekontrakt.com\/fr\/wp-json\/wp\/v2\/media?parent=1901"}],"curies":[{"name":"wp","href":"https:\/\/api.w.org\/{rel}","templated":true}]}}